{"id":1175,"date":"2021-01-23T00:44:29","date_gmt":"2021-01-23T00:44:29","guid":{"rendered":"https:\/\/stanleys-art.com\/?page_id=1175"},"modified":"2023-07-16T02:11:44","modified_gmt":"2023-07-16T02:11:44","slug":"popup-5-eng","status":"publish","type":"page","link":"https:\/\/stanleys-art.com\/de\/popup-5-eng\/","title":{"rendered":"POPUP-5-DE"},"content":{"rendered":"<p>[vc_row][vc_column][vc_column_text]<\/p>\n<div class=\"pum-content popmake-content\">\n<div class=\"vc_row wpb_row vc_row-fluid mpc-row\">\n<div class=\"wpb_column vc_column_container vc_col-sm-12 mpc-column\" data-column-id=\"mpc_column-875f19c130420d9\">\n<div class=\"vc_column-inner\">\n<div class=\"wpb_wrapper\">\n<div class=\"wpb_text_column wpb_content_element \">\n<div class=\"wpb_wrapper\">\n<p><img decoding=\"async\" loading=\"lazy\" class=\"alignnone wp-image-517\" src=\"http:\/\/stanleys-art.com\/wp-content\/uploads\/2020\/07\/stanleys-300x62.png\" alt=\"\" width=\"111\" height=\"23\" srcset=\"https:\/\/stanleys-art.com\/wp-content\/uploads\/2020\/07\/stanleys-300x62.png 300w, https:\/\/stanleys-art.com\/wp-content\/uploads\/2020\/07\/stanleys.png 666w\" sizes=\"(max-width: 111px) 100vw, 111px\" \/><\/p>\n<hr \/>\n<p>&nbsp;<\/p>\n<\/div>\n<div class=\"wpb_wrapper\">\n<h3 style=\"text-align: center;\"><span style=\"color: #993366;\"><strong>Sammler-Ecke<\/strong><\/span><\/h3>\n<p><img decoding=\"async\" loading=\"lazy\" class=\"wp-image-825 size-full aligncenter\" src=\"http:\/\/stanleys-art.com\/wp-content\/uploads\/2020\/07\/ancient-books.jpg\" alt=\"\" width=\"480\" height=\"249\" srcset=\"https:\/\/stanleys-art.com\/wp-content\/uploads\/2020\/07\/ancient-books.jpg 480w, https:\/\/stanleys-art.com\/wp-content\/uploads\/2020\/07\/ancient-books-300x156.jpg 300w\" sizes=\"(max-width: 480px) 100vw, 480px\" \/><\/p>\n<p>Haben Sie einen Unterschied bei den auf unseren Auktionen verkauften Papierartefakten festgestellt? Keine Sorge, sie sind alle authentisch. Ein kleiner Exkurs \u00fcber die Erfindung des Papiers in China:<\/p>\n<p>Die Erfindung des Papiers datiert zur\u00fcck bis in Jahr 105 AD, als Cai Lun \u201ePapier aus Baumrinde, Lumpen und Fischernetzen herstellte und dem Kaiser \u00fcberreichte\u201c.<\/p>\n<p>Bereits im 8. Jahrhundert wurde damit begonnen, Papier aus Bambus zu produzieren, aber in den Provinzen der Inneren Mongolei, in Qinghai, Gansu, Tungut und Tibet wurde Papier aus Rinde, Reismehl und Hanf produziert, denn dort gab es Probleme mit dem Anbau von Bambus. Aus diesem Grund gibt es optisch sehr unterschiedliche Dokumente.<\/p>\n<p>Im Jahr 1391 tauchte erstmals ein Luxusprodukt auf, das ausschlie\u00dflich f\u00fcr die kaiserliche Familie entwickelt worden ist. Der Lieferservice in dieser Zeit zu Beginn der Ming-Dynastie ermittelte akribisch den Bedarf des Hofes an diesen Bl\u00e4ttern (jedes ungef\u00e4hr 70&#215;90 cm gro\u00df). Die kaiserliche Familie und der Gr\u00fcnder der Dynastie verbrauchten pro Jahr 15.000 dieser dicken und aromatisierten B\u00f6gen. Die H\u00f6flinge 720.000 St\u00fcck.<\/p>\n<p>&nbsp;<\/p>\n<\/div>\n<\/div>\n<\/div>\n<\/div>\n<\/div>\n<\/div>\n<\/div>\n<p>[\/vc_column_text][vc_btn title=&#8220;Schlie\u00dfen&#8220; color=&#8220;info&#8220; align=&#8220;center&#8220; link=&#8220;url:https%3A%2F%2Fstanleys-art.com%2Fde%2F&#8220;][\/vc_column][\/vc_row][vc_row][vc_column][\/vc_column][\/vc_row]<\/p>\n","protected":false},"excerpt":{"rendered":"<p>[vc_row][vc_column][vc_column_text] &nbsp; Sammler-Ecke Haben Sie einen Unterschied bei den auf unseren Auktionen verkauften Papierartefakten festgestellt? Keine Sorge, sie sind alle authentisch. Ein kleiner Exkurs \u00fcber die Erfindung des Papiers in China: Die Erfindung des Papiers datiert zur\u00fcck bis in Jahr 105 AD, als Cai Lun \u201ePapier aus Baumrinde, Lumpen und Fischernetzen herstellte und dem Kaiser<\/p>\n","protected":false},"author":1,"featured_media":0,"parent":0,"menu_order":0,"comment_status":"closed","ping_status":"closed","template":"template-page-builder-no-header-footer.php","meta":[],"_links":{"self":[{"href":"https:\/\/stanleys-art.com\/de\/wp-json\/wp\/v2\/pages\/1175"}],"collection":[{"href":"https:\/\/stanleys-art.com\/de\/wp-json\/wp\/v2\/pages"}],"about":[{"href":"https:\/\/stanleys-art.com\/de\/wp-json\/wp\/v2\/types\/page"}],"author":[{"embeddable":true,"href":"https:\/\/stanleys-art.com\/de\/wp-json\/wp\/v2\/users\/1"}],"replies":[{"embeddable":true,"href":"https:\/\/stanleys-art.com\/de\/wp-json\/wp\/v2\/comments?post=1175"}],"version-history":[{"count":4,"href":"https:\/\/stanleys-art.com\/de\/wp-json\/wp\/v2\/pages\/1175\/revisions"}],"predecessor-version":[{"id":1219,"href":"https:\/\/stanleys-art.com\/de\/wp-json\/wp\/v2\/pages\/1175\/revisions\/1219"}],"wp:attachment":[{"href":"https:\/\/stanleys-art.com\/de\/wp-json\/wp\/v2\/media?parent=1175"}],"curies":[{"name":"wp","href":"https:\/\/api.w.org\/{rel}","templated":true}]}}