{"id":1169,"date":"2021-01-23T00:40:34","date_gmt":"2021-01-23T00:40:34","guid":{"rendered":"https:\/\/stanleys-art.com\/?page_id=1169"},"modified":"2023-07-16T02:06:12","modified_gmt":"2023-07-16T02:06:12","slug":"popup-3-eng","status":"publish","type":"page","link":"https:\/\/stanleys-art.com\/de\/popup-3-eng\/","title":{"rendered":"POPUP-3-DE"},"content":{"rendered":"<p>[vc_row][vc_column][vc_column_text]<\/p>\n<div class=\"pum-content popmake-content\">\n<div class=\"vc_row wpb_row vc_row-fluid mpc-row\">\n<div class=\"wpb_column vc_column_container vc_col-sm-12 mpc-column\" data-column-id=\"mpc_column-875f19c130420d9\">\n<div class=\"vc_column-inner\">\n<div class=\"wpb_wrapper\">\n<div class=\"wpb_text_column wpb_content_element \">\n<div class=\"wpb_wrapper\">\n<p><img decoding=\"async\" loading=\"lazy\" class=\"alignnone wp-image-517\" src=\"http:\/\/stanleys-art.com\/wp-content\/uploads\/2020\/07\/stanleys-300x62.png\" alt=\"\" width=\"111\" height=\"23\" srcset=\"https:\/\/stanleys-art.com\/wp-content\/uploads\/2020\/07\/stanleys-300x62.png 300w, https:\/\/stanleys-art.com\/wp-content\/uploads\/2020\/07\/stanleys.png 666w\" sizes=\"(max-width: 111px) 100vw, 111px\" \/><\/p>\n<hr \/>\n<p>&nbsp;<\/p>\n<\/div>\n<p><img decoding=\"async\" loading=\"lazy\" class=\"wp-image-795 aligncenter\" src=\"http:\/\/stanleys-art.com\/wp-content\/uploads\/2020\/07\/vase.jpg\" alt=\"\" width=\"447\" height=\"498\" srcset=\"https:\/\/stanleys-art.com\/wp-content\/uploads\/2020\/07\/vase.jpg 776w, https:\/\/stanleys-art.com\/wp-content\/uploads\/2020\/07\/vase-269x300.jpg 269w, https:\/\/stanleys-art.com\/wp-content\/uploads\/2020\/07\/vase-768x856.jpg 768w\" sizes=\"(max-width: 447px) 100vw, 447px\" \/><\/p>\n<div class=\"wpb_wrapper\">\n<h4 style=\"text-align: center;\"><span style=\"color: #003366;\">BLAU-WEISSE VASE AUS PORZELLAN<br \/>\n<\/span><\/h4>\n<p style=\"text-align: center;\">Material: Porzellan<br \/>\nEnde: Chinese blue<br \/>\nMa\u00dfe: Durchmesser 43 cm x H\u00f6he 60 cm.<br \/>\nGewicht 20 Kg.<br \/>\nEpoche: Qianlong-Dynastie(18. Jahrhundert)<br \/>\nGesch\u00e4tzter Wert: 135,000 USD<\/p>\n<p>&nbsp;<\/p>\n<p>Die handbemalte antike Lotusmotivblau-Wei\u00dfporzellan-Blumenvase. Die fein schimmernde Vase kombiniert asiatischen Charme, \u00fcppige Form, authentisches Originalmaterial und feinste Handarbeit und bringt alles in ein traditionelles, dekoratives Konzept. Ein echtes Juwel unter den chinesischen Vasen ist in den letzten Jahren auf den Markt gekommen.<\/p>\n<p><strong>Sehr selten.<\/strong><\/p>\n<\/div>\n<\/div>\n<\/div>\n<\/div>\n<\/div>\n<\/div>\n<\/div>\n<p>[\/vc_column_text][vc_btn title=&#8220;Schlie\u00dfen&#8220; color=&#8220;info&#8220; align=&#8220;center&#8220; link=&#8220;url:https%3A%2F%2Fstanleys-art.com%2Fde%2F&#8220;][\/vc_column][\/vc_row][vc_row][vc_column][\/vc_column][\/vc_row]<\/p>\n","protected":false},"excerpt":{"rendered":"<p>[vc_row][vc_column][vc_column_text] &nbsp; BLAU-WEISSE VASE AUS PORZELLAN Material: Porzellan Ende: Chinese blue Ma\u00dfe: Durchmesser 43 cm x H\u00f6he 60 cm. Gewicht 20 Kg. Epoche: Qianlong-Dynastie(18. Jahrhundert) Gesch\u00e4tzter Wert: 135,000 USD &nbsp; Die handbemalte antike Lotusmotivblau-Wei\u00dfporzellan-Blumenvase. Die fein schimmernde Vase kombiniert asiatischen Charme, \u00fcppige Form, authentisches Originalmaterial und feinste Handarbeit und bringt alles in ein traditionelles, dekoratives<\/p>\n","protected":false},"author":1,"featured_media":0,"parent":0,"menu_order":0,"comment_status":"closed","ping_status":"closed","template":"template-page-builder-no-header-footer.php","meta":[],"_links":{"self":[{"href":"https:\/\/stanleys-art.com\/de\/wp-json\/wp\/v2\/pages\/1169"}],"collection":[{"href":"https:\/\/stanleys-art.com\/de\/wp-json\/wp\/v2\/pages"}],"about":[{"href":"https:\/\/stanleys-art.com\/de\/wp-json\/wp\/v2\/types\/page"}],"author":[{"embeddable":true,"href":"https:\/\/stanleys-art.com\/de\/wp-json\/wp\/v2\/users\/1"}],"replies":[{"embeddable":true,"href":"https:\/\/stanleys-art.com\/de\/wp-json\/wp\/v2\/comments?post=1169"}],"version-history":[{"count":4,"href":"https:\/\/stanleys-art.com\/de\/wp-json\/wp\/v2\/pages\/1169\/revisions"}],"predecessor-version":[{"id":1215,"href":"https:\/\/stanleys-art.com\/de\/wp-json\/wp\/v2\/pages\/1169\/revisions\/1215"}],"wp:attachment":[{"href":"https:\/\/stanleys-art.com\/de\/wp-json\/wp\/v2\/media?parent=1169"}],"curies":[{"name":"wp","href":"https:\/\/api.w.org\/{rel}","templated":true}]}}