{"id":1166,"date":"2021-01-23T00:37:10","date_gmt":"2021-01-23T00:37:10","guid":{"rendered":"https:\/\/stanleys-art.com\/?page_id=1166"},"modified":"2023-07-16T02:02:58","modified_gmt":"2023-07-16T02:02:58","slug":"popup-2-eng","status":"publish","type":"page","link":"https:\/\/stanleys-art.com\/de\/popup-2-eng\/","title":{"rendered":"POPUP-2-DE"},"content":{"rendered":"<p>[vc_row][vc_column][vc_column_text]<\/p>\n<div class=\"pum-content popmake-content\">\n<div class=\"vc_row wpb_row vc_row-fluid mpc-row\">\n<div class=\"wpb_column vc_column_container vc_col-sm-12 mpc-column\" data-column-id=\"mpc_column-875f19c130420d9\">\n<div class=\"vc_column-inner\">\n<div class=\"wpb_wrapper\">\n<div class=\"wpb_text_column wpb_content_element \">\n<div class=\"wpb_wrapper\">\n<p><img decoding=\"async\" loading=\"lazy\" class=\"alignnone wp-image-517\" src=\"http:\/\/stanleys-art.com\/wp-content\/uploads\/2020\/07\/stanleys-300x62.png\" alt=\"\" width=\"111\" height=\"23\" srcset=\"https:\/\/stanleys-art.com\/wp-content\/uploads\/2020\/07\/stanleys-300x62.png 300w, https:\/\/stanleys-art.com\/wp-content\/uploads\/2020\/07\/stanleys.png 666w\" sizes=\"(max-width: 111px) 100vw, 111px\" \/><\/p>\n<hr \/>\n<p><img decoding=\"async\" loading=\"lazy\" class=\"wp-image-791 aligncenter\" src=\"http:\/\/stanleys-art.com\/wp-content\/uploads\/2020\/07\/mountains-drawing.jpg\" alt=\"\" width=\"328\" height=\"529\" srcset=\"https:\/\/stanleys-art.com\/wp-content\/uploads\/2020\/07\/mountains-drawing.jpg 490w, https:\/\/stanleys-art.com\/wp-content\/uploads\/2020\/07\/mountains-drawing-186x300.jpg 186w\" sizes=\"(max-width: 328px) 100vw, 328px\" \/><\/p>\n<\/div>\n<p>&nbsp;<\/p>\n<div class=\"wpb_wrapper\">\n<h4 style=\"text-align: center;\"><span style=\"color: #003366;\">Sehr seltene Zeichnung von Kanzler Xiao L\u00e0i<\/span><\/h4>\n<p style=\"text-align: center;\">Malstil: Tusche auf Papier<br \/>\nGr\u00f6\u00dfe: 45&#215;25 cm<br \/>\nEpoche: Song-Dynastie (10. Jahrhundert)<br \/>\nGesch\u00e4tzter Wert: 75.000 USD<\/p>\n<p style=\"text-align: center;\"><span style=\"color: #003366;\">Inschrift auf der Zeichnung:&#8220;<em>Qilian Shan, die heiligen Berge meiner Kindheit. Xiao L\u00e0i&#8220;<\/em><\/span><\/p>\n<p>&nbsp;<\/p>\n<p>Eine sehr seltene authentische Landschaftsskizze aus der Zeit der Song-Dynastie (10. Jahrhundert). Landschaftsskizzen stehen traditionell an der Spitze der chinesischen Malstile, verbunden mit einem raffinierten akademischen Geschmack.<\/p>\n<p><em>Historischer Hinweis: Kanzler Xiao L\u00e0i war einer der bedeutendsten Politiker des Song-Imperiums, der eine Tag vor einer milit\u00e4rischen Kampagne gegen die tangutischen Rebellen auf tragische Weise get\u00f6tet wurde, wodurch die historische Landschaft des alten Chinas ver\u00e4ndert wurde.<\/em><\/p>\n<\/div>\n<\/div>\n<\/div>\n<\/div>\n<\/div>\n<\/div>\n<\/div>\n<p>[\/vc_column_text][vc_btn title=&#8220;Schlie\u00dfen&#8220; color=&#8220;info&#8220; align=&#8220;center&#8220; link=&#8220;url:https%3A%2F%2Fstanleys-art.com%2Fde%2F&#8220;][\/vc_column][\/vc_row][vc_row][vc_column][\/vc_column][\/vc_row]<\/p>\n","protected":false},"excerpt":{"rendered":"<p>[vc_row][vc_column][vc_column_text] &nbsp; Sehr seltene Zeichnung von Kanzler Xiao L\u00e0i Malstil: Tusche auf Papier Gr\u00f6\u00dfe: 45&#215;25 cm Epoche: Song-Dynastie (10. Jahrhundert) Gesch\u00e4tzter Wert: 75.000 USD Inschrift auf der Zeichnung:&#8220;Qilian Shan, die heiligen Berge meiner Kindheit. Xiao L\u00e0i&#8220; &nbsp; Eine sehr seltene authentische Landschaftsskizze aus der Zeit der Song-Dynastie (10. Jahrhundert). Landschaftsskizzen stehen traditionell an der Spitze<\/p>\n","protected":false},"author":1,"featured_media":0,"parent":0,"menu_order":0,"comment_status":"closed","ping_status":"closed","template":"template-page-builder-no-header-footer.php","meta":[],"_links":{"self":[{"href":"https:\/\/stanleys-art.com\/de\/wp-json\/wp\/v2\/pages\/1166"}],"collection":[{"href":"https:\/\/stanleys-art.com\/de\/wp-json\/wp\/v2\/pages"}],"about":[{"href":"https:\/\/stanleys-art.com\/de\/wp-json\/wp\/v2\/types\/page"}],"author":[{"embeddable":true,"href":"https:\/\/stanleys-art.com\/de\/wp-json\/wp\/v2\/users\/1"}],"replies":[{"embeddable":true,"href":"https:\/\/stanleys-art.com\/de\/wp-json\/wp\/v2\/comments?post=1166"}],"version-history":[{"count":3,"href":"https:\/\/stanleys-art.com\/de\/wp-json\/wp\/v2\/pages\/1166\/revisions"}],"predecessor-version":[{"id":1214,"href":"https:\/\/stanleys-art.com\/de\/wp-json\/wp\/v2\/pages\/1166\/revisions\/1214"}],"wp:attachment":[{"href":"https:\/\/stanleys-art.com\/de\/wp-json\/wp\/v2\/media?parent=1166"}],"curies":[{"name":"wp","href":"https:\/\/api.w.org\/{rel}","templated":true}]}}