{"id":1144,"date":"2021-01-19T01:32:53","date_gmt":"2021-01-19T01:32:53","guid":{"rendered":"https:\/\/stanleys-art.com\/?page_id=1144"},"modified":"2023-07-16T02:00:01","modified_gmt":"2023-07-16T02:00:01","slug":"popup-1","status":"publish","type":"page","link":"https:\/\/stanleys-art.com\/de\/popup-1\/","title":{"rendered":"POPUP-1-DE"},"content":{"rendered":"<p>[vc_row][vc_column][vc_column_text]<\/p>\n<div class=\"pum-content popmake-content\">\n<div class=\"vc_row wpb_row vc_row-fluid mpc-row\">\n<div class=\"wpb_column vc_column_container vc_col-sm-12 mpc-column\" data-column-id=\"mpc_column-875f19c130420d9\">\n<div class=\"vc_column-inner\">\n<div class=\"wpb_wrapper\">\n<div class=\"wpb_text_column wpb_content_element \">\n<div class=\"wpb_wrapper\">\n<p><img decoding=\"async\" loading=\"lazy\" class=\"alignnone wp-image-517\" src=\"http:\/\/stanleys-art.com\/wp-content\/uploads\/2020\/07\/stanleys-300x62.png\" alt=\"\" width=\"111\" height=\"23\" srcset=\"https:\/\/stanleys-art.com\/wp-content\/uploads\/2020\/07\/stanleys-300x62.png 300w, https:\/\/stanleys-art.com\/wp-content\/uploads\/2020\/07\/stanleys.png 666w\" sizes=\"(max-width: 111px) 100vw, 111px\" \/><\/p>\n<hr \/>\n<p><a href=\"http:\/\/stanleys-art.com\/wp-content\/uploads\/2020\/07\/coin-top-record.jpg\"><img decoding=\"async\" class=\"wp-image-781 size-large aligncenter\" src=\"http:\/\/stanleys-art.com\/wp-content\/uploads\/2020\/07\/coin-top-record-1024x493.jpg\" alt=\"\" width=\"95%\" srcset=\"https:\/\/stanleys-art.com\/wp-content\/uploads\/2020\/07\/coin-top-record-1024x493.jpg 1024w, https:\/\/stanleys-art.com\/wp-content\/uploads\/2020\/07\/coin-top-record-300x145.jpg 300w, https:\/\/stanleys-art.com\/wp-content\/uploads\/2020\/07\/coin-top-record-768x370.jpg 768w, https:\/\/stanleys-art.com\/wp-content\/uploads\/2020\/07\/coin-top-record-1536x740.jpg 1536w, https:\/\/stanleys-art.com\/wp-content\/uploads\/2020\/07\/coin-top-record-1568x755.jpg 1568w, https:\/\/stanleys-art.com\/wp-content\/uploads\/2020\/07\/coin-top-record.jpg 1920w\" sizes=\"(max-width: 1024px) 100vw, 1024px\" \/><\/a><\/p>\n<h4 style=\"text-align: center;\"><span style=\"color: #003366;\">Ein rekordverd\u00e4chtiger Preis f\u00fcr die Goldm\u00fcnze aus dem Song-Reich<\/span><\/h4>\n<p><span style=\"color: #003366;\">Bei der letzten Auktion von chinesischen Artefakten erzielte eine seltene Goldm\u00fcnze aus der Zeit des Kaisers Zhao Jiong (976-997) der Song-Dynastie den Rekordpreis von 720.000 US-Dollar.<\/span><\/p>\n<p>Ein paar Informationen \u00fcber die Geschichte chinesischer M\u00fcnzen, insbesondere der &#8222;M\u00fcnzen mit Loch&#8220;.<\/p>\n<p><span style=\"color: #003366;\">Die Form der M\u00fcnzen, die ein Loch in der Mitte aufweisen, ist sehr praktisch. Denn so war es m\u00f6glich, sie bei gro\u00dfen Summen auf einer Kordel aufzureihen, wie es fr\u00fcher (sogar bis ins 20. Jahrhundert) auch bei Kaurimuscheln \u00fcblich war.<\/span><\/p>\n<p><span style=\"color: #003366;\">Die runden M\u00fcnzen aus Metall wurden von Kaiser Tai Gong schon im 11. Jahrhundert vor unserer Zeitrechnung in China als Zahlungsmittel eingef\u00fchrt. Die chinesischen M\u00fcnzen hatten ein quadratisches Loch in der Mitte, das die Erde symbolisierte, und waren rund, um den Himmel darzustellen. Drachendarstellungen auf den M\u00fcnzen symbolisieren traditionellerweise Macht, St\u00e4rke und Gl\u00fcck der Personen, die dessen in der ostasiatischen Kultur w\u00fcrdig waren.<\/span><\/p>\n<p><span style=\"color: #003366;\">Die M\u00fcnze ist ein Symbol des Einklanges von Raum, Energie und Zeit. Fr\u00fcher wurden diese M\u00fcnzen Quan genannt, was mit \u201eUrsprung\u201c und \u201eVollkommenheit\u201c \u00fcbersetzt werden kann. Somit wurden die M\u00fcnzen damals als Symbol f\u00fcr die Erlangung von 10 Stufen der Vollkommenheit angesehen.<\/span><\/p>\n<\/div>\n<\/div>\n<\/div>\n<\/div>\n<\/div>\n<\/div>\n<\/div>\n<p>[\/vc_column_text][vc_btn title=&#8220;Schlie\u00dfen&#8220; color=&#8220;info&#8220; align=&#8220;center&#8220; link=&#8220;url:https%3A%2F%2Fstanleys-art.com%2Fde%2F&#8220;][\/vc_column][\/vc_row][vc_row][vc_column][\/vc_column][\/vc_row]<\/p>\n","protected":false},"excerpt":{"rendered":"<p>[vc_row][vc_column][vc_column_text] Ein rekordverd\u00e4chtiger Preis f\u00fcr die Goldm\u00fcnze aus dem Song-Reich Bei der letzten Auktion von chinesischen Artefakten erzielte eine seltene Goldm\u00fcnze aus der Zeit des Kaisers Zhao Jiong (976-997) der Song-Dynastie den Rekordpreis von 720.000 US-Dollar. Ein paar Informationen \u00fcber die Geschichte chinesischer M\u00fcnzen, insbesondere der &#8222;M\u00fcnzen mit Loch&#8220;. Die Form der M\u00fcnzen, die ein<\/p>\n","protected":false},"author":1,"featured_media":0,"parent":0,"menu_order":0,"comment_status":"closed","ping_status":"closed","template":"template-page-builder-no-header-footer.php","meta":[],"_links":{"self":[{"href":"https:\/\/stanleys-art.com\/de\/wp-json\/wp\/v2\/pages\/1144"}],"collection":[{"href":"https:\/\/stanleys-art.com\/de\/wp-json\/wp\/v2\/pages"}],"about":[{"href":"https:\/\/stanleys-art.com\/de\/wp-json\/wp\/v2\/types\/page"}],"author":[{"embeddable":true,"href":"https:\/\/stanleys-art.com\/de\/wp-json\/wp\/v2\/users\/1"}],"replies":[{"embeddable":true,"href":"https:\/\/stanleys-art.com\/de\/wp-json\/wp\/v2\/comments?post=1144"}],"version-history":[{"count":18,"href":"https:\/\/stanleys-art.com\/de\/wp-json\/wp\/v2\/pages\/1144\/revisions"}],"predecessor-version":[{"id":1213,"href":"https:\/\/stanleys-art.com\/de\/wp-json\/wp\/v2\/pages\/1144\/revisions\/1213"}],"wp:attachment":[{"href":"https:\/\/stanleys-art.com\/de\/wp-json\/wp\/v2\/media?parent=1144"}],"curies":[{"name":"wp","href":"https:\/\/api.w.org\/{rel}","templated":true}]}}